{"id":2203,"date":"2024-05-24T10:17:23","date_gmt":"2024-05-24T10:17:23","guid":{"rendered":"https:\/\/www.skinvive.ca\/?page_id=2203"},"modified":"2024-06-03T09:39:12","modified_gmt":"2024-06-03T09:39:12","slug":"economies","status":"publish","type":"page","link":"https:\/\/www.skinvive.ca\/fr\/economies\/","title":{"rendered":"\u00c9conomies"},"content":{"rendered":"\t\t<div data-elementor-type=\"wp-page\" data-elementor-id=\"2203\" class=\"elementor elementor-2203 elementor-2158\" data-elementor-post-type=\"page\">\n\t\t\t\t<div class=\"elementor-element elementor-element-2ae8eab e-con-full e-flex e-con e-parent\" data-id=\"2ae8eab\" data-element_type=\"container\" data-e-type=\"container\" data-settings=\"{&quot;background_background&quot;:&quot;classic&quot;}\">\n\t\t<div class=\"elementor-element elementor-element-2afe168 e-con-full elementor-hidden-tablet elementor-hidden-mobile e-flex e-con e-child\" data-id=\"2afe168\" data-element_type=\"container\" data-e-type=\"container\">\n\t\t\t\t<div class=\"elementor-element elementor-element-de4637b elementor-widget__width-inherit elementor-widget elementor-widget-heading\" data-id=\"de4637b\" data-element_type=\"widget\" data-e-type=\"widget\" data-widget_type=\"heading.default\">\n\t\t\t\t<div class=\"elementor-widget-container\">\n\t\t\t\t\t<h2 class=\"elementor-heading-title elementor-size-default\">\u00c9CONOMIES<\/h2>\t\t\t\t<\/div>\n\t\t\t\t<\/div>\n\t\t\t\t<div class=\"elementor-element elementor-element-18b6e1d elementor-widget-divider--view-line elementor-widget elementor-widget-divider\" data-id=\"18b6e1d\" data-element_type=\"widget\" data-e-type=\"widget\" data-widget_type=\"divider.default\">\n\t\t\t\t<div class=\"elementor-widget-container\">\n\t\t\t\t\t\t\t<div class=\"elementor-divider\">\n\t\t\t<span class=\"elementor-divider-separator\">\n\t\t\t\t\t\t<\/span>\n\t\t<\/div>\n\t\t\t\t\t\t<\/div>\n\t\t\t\t<\/div>\n\t\t\t\t<div class=\"elementor-element elementor-element-89595e9 elementor-widget elementor-widget-heading\" data-id=\"89595e9\" data-element_type=\"widget\" data-e-type=\"widget\" data-widget_type=\"heading.default\">\n\t\t\t\t<div class=\"elementor-widget-container\">\n\t\t\t\t\t<h2 class=\"elementor-heading-title elementor-size-default\">Rejoignez Brillantes Distinctions<sup style=\"font-size: 13px;top:-15px\">MD<\/sup>, le programme de fid\u00e9lit\u00e9 officiel pour SKINVIVE<sup style=\"font-size: 13px;top:-19px\">MC<\/sup> par JUV\u00c9DERM<sup style=\"font-size: 13px;top:-19px\">MD<\/sup>.<\/h2>\t\t\t\t<\/div>\n\t\t\t\t<\/div>\n\t\t\t\t<\/div>\n\t\t\t\t<\/div>\n\t\t<div class=\"elementor-element elementor-element-27194d6 e-con-full elementor-hidden-desktop e-flex e-con e-parent\" data-id=\"27194d6\" data-element_type=\"container\" data-e-type=\"container\" data-settings=\"{&quot;background_background&quot;:&quot;classic&quot;}\">\n\t\t<div class=\"elementor-element elementor-element-96f9789 e-con-full e-flex e-con e-child\" data-id=\"96f9789\" data-element_type=\"container\" data-e-type=\"container\">\n\t\t\t\t<div class=\"elementor-element elementor-element-c81efef elementor-widget elementor-widget-text-editor\" data-id=\"c81efef\" data-element_type=\"widget\" data-e-type=\"widget\" data-widget_type=\"text-editor.default\">\n\t\t\t\t<div class=\"elementor-widget-container\">\n\t\t\t\t\t\t\t\t\t<p>Patient r\u00e9el. Les r\u00e9sultats peuvent varier.\u00a0<\/p>\t\t\t\t\t\t\t\t<\/div>\n\t\t\t\t<\/div>\n\t\t\t\t<div class=\"elementor-element elementor-element-d70c591 elementor-widget__width-inherit elementor-widget elementor-widget-heading\" data-id=\"d70c591\" data-element_type=\"widget\" data-e-type=\"widget\" data-widget_type=\"heading.default\">\n\t\t\t\t<div class=\"elementor-widget-container\">\n\t\t\t\t\t<h2 class=\"elementor-heading-title elementor-size-default\">\u00c9CONOMIES<\/h2>\t\t\t\t<\/div>\n\t\t\t\t<\/div>\n\t\t\t\t<div class=\"elementor-element elementor-element-c62ad7b elementor-widget-divider--view-line elementor-widget elementor-widget-divider\" data-id=\"c62ad7b\" data-element_type=\"widget\" data-e-type=\"widget\" data-widget_type=\"divider.default\">\n\t\t\t\t<div class=\"elementor-widget-container\">\n\t\t\t\t\t\t\t<div class=\"elementor-divider\">\n\t\t\t<span class=\"elementor-divider-separator\">\n\t\t\t\t\t\t<\/span>\n\t\t<\/div>\n\t\t\t\t\t\t<\/div>\n\t\t\t\t<\/div>\n\t\t\t\t<div class=\"elementor-element elementor-element-ee1ed3f elementor-widget-tablet__width-initial elementor-widget elementor-widget-heading\" data-id=\"ee1ed3f\" data-element_type=\"widget\" data-e-type=\"widget\" data-widget_type=\"heading.default\">\n\t\t\t\t<div class=\"elementor-widget-container\">\n\t\t\t\t\t<h2 class=\"elementor-heading-title elementor-size-default\">Rejoignez Brillantes Distinctions<sup style=\"font-size: 0.4em;top:-10px\">MD<\/sup>\n, le programme de fid\u00e9lit\u00e9 officiel pour SKINVIVE<sup style=\"font-size: 0.4em;top:-14px\">MC<\/sup> par JUV\u00c9DERM<sup style=\"font-size: 0.4em;top:-14px\">MD<\/sup>.<\/h2>\t\t\t\t<\/div>\n\t\t\t\t<\/div>\n\t\t\t\t<\/div>\n\t\t\t\t<\/div>\n\t\t<div class=\"elementor-element elementor-element-e8d2a37 e-flex e-con-boxed e-con e-parent\" data-id=\"e8d2a37\" data-element_type=\"container\" data-e-type=\"container\">\n\t\t\t\t\t<div class=\"e-con-inner\">\n\t\t\t\t<div class=\"elementor-element elementor-element-37cccf6 elementor-hidden-tablet elementor-hidden-mobile elementor-widget elementor-widget-text-editor\" data-id=\"37cccf6\" data-element_type=\"widget\" data-e-type=\"widget\" data-widget_type=\"text-editor.default\">\n\t\t\t\t<div class=\"elementor-widget-container\">\n\t\t\t\t\t\t\t\t\t<p>Patient r\u00e9el. Les r\u00e9sultats peuvent varier.<\/p>\t\t\t\t\t\t\t\t<\/div>\n\t\t\t\t<\/div>\n\t\t\t\t<div class=\"elementor-element elementor-element-79eb209 elementor-tablet-align-center elementor-widget elementor-widget-button\" data-id=\"79eb209\" data-element_type=\"widget\" data-e-type=\"widget\" data-widget_type=\"button.default\">\n\t\t\t\t<div class=\"elementor-widget-container\">\n\t\t\t\t\t\t\t\t\t<div class=\"elementor-button-wrapper\">\n\t\t\t\t\t<a class=\"elementor-button elementor-button-link elementor-size-sm\" href=\"https:\/\/www.brilliantdistinctions.ca\/?24474A709409BA1012F81F011B1566082D3C49D258F3F188098ACAA7265A9F2D\" target=\"_blank\">\n\t\t\t\t\t\t<span class=\"elementor-button-content-wrapper\">\n\t\t\t\t\t\t\t\t\t<span class=\"elementor-button-text\">Rejoignez Brillantes Distinctions<sup style=\"font-size: 0.4em;top:-9px\">MD<\/sup><\/span>\n\t\t\t\t\t<\/span>\n\t\t\t\t\t<\/a>\n\t\t\t\t<\/div>\n\t\t\t\t\t\t\t\t<\/div>\n\t\t\t\t<\/div>\n\t\t\t\t<div class=\"elementor-element elementor-element-13a3d39 elementor-widget elementor-widget-heading\" data-id=\"13a3d39\" data-element_type=\"widget\" data-e-type=\"widget\" data-widget_type=\"heading.default\">\n\t\t\t\t<div class=\"elementor-widget-container\">\n\t\t\t\t\t<h4 class=\"elementor-heading-title elementor-size-default\">Pour faire partie des milliers de membres qui \u00e9conomisent avec Brillantes Distinctions<sup style=\"font-size: 14px;top:-10px\">MD<\/sup>. Curieux d'en savoir plus ?<\/h4>\t\t\t\t<\/div>\n\t\t\t\t<\/div>\n\t\t\t\t<div class=\"elementor-element elementor-element-2f6754a elementor-widget-tablet__width-inherit elementor-widget elementor-widget-heading\" data-id=\"2f6754a\" data-element_type=\"widget\" data-e-type=\"widget\" data-widget_type=\"heading.default\">\n\t\t\t\t<div class=\"elementor-widget-container\">\n\t\t\t\t\t<h4 class=\"elementor-heading-title elementor-size-default\"><a href=\"https:\/\/www.brilliantdistinctions.ca\/?24474A709409BA1012F81F011B1566082D3C49D258F3F188098ACAA7265A9F2D\" target=\"_blank\">Voir tous les d\u00e9tails du programme<\/a><\/h4>\t\t\t\t<\/div>\n\t\t\t\t<\/div>\n\t\t\t\t<div class=\"elementor-element elementor-element-334b3e3 elementor-widget elementor-widget-heading\" data-id=\"334b3e3\" data-element_type=\"widget\" data-e-type=\"widget\" data-widget_type=\"heading.default\">\n\t\t\t\t<div class=\"elementor-widget-container\">\n\t\t\t\t\t<h4 class=\"elementor-heading-title elementor-size-default\">Devenez un membre de Brillantes Distinctions<sup style=\"font-size: 14px;top:-10px\">MD<\/sup> pour d\u00e9bloquer l'acc\u00e8s \u00e0 des offres personnalis\u00e9es, des r\u00e9compenses exclusives et bien plus encore.<\/h4>\t\t\t\t<\/div>\n\t\t\t\t<\/div>\n\t\t\t\t<div class=\"elementor-element elementor-element-74933de elementor-widget-tablet__width-inherit elementor-widget elementor-widget-heading\" data-id=\"74933de\" data-element_type=\"widget\" data-e-type=\"widget\" data-widget_type=\"heading.default\">\n\t\t\t\t<div class=\"elementor-widget-container\">\n\t\t\t\t\t<h4 class=\"elementor-heading-title elementor-size-default\">1. Traitement &amp; Gagner<\/h4>\t\t\t\t<\/div>\n\t\t\t\t<\/div>\n\t\t\t\t<div class=\"elementor-element elementor-element-a397cfe elementor-widget-tablet__width-inherit elementor-widget elementor-widget-heading\" data-id=\"a397cfe\" data-element_type=\"widget\" data-e-type=\"widget\" data-widget_type=\"heading.default\">\n\t\t\t\t<div class=\"elementor-widget-container\">\n\t\t\t\t\t<h4 class=\"elementor-heading-title elementor-size-default\">Brillantes Distinctions<sup style=\"font-size: 0.4em;top:-7px\">MD<\/sup> vous offre des r\u00e9compenses en esp\u00e8ces sur les marques d'Allergan Aesthetics, telles que SKINVIVE<sup style=\"font-size: 0.4em;top:-11px\">MC<\/sup>.<br> BOTOX COSMETIC<sup style=\"font-size: 0.4em;top:-11px\">MD<\/sup>,\nJUV\u00c9DERM<sup style=\"font-size: 0.4em;top:-11px\">MD<\/sup>, SkinMedica<sup style=\"font-size: 0.4em;top:-7px\">MD<\/sup> et bien d'autres.<\/h4>\t\t\t\t<\/div>\n\t\t\t\t<\/div>\n\t\t\t\t<div class=\"elementor-element elementor-element-bc689f0 elementor-widget-tablet__width-inherit elementor-widget elementor-widget-heading\" data-id=\"bc689f0\" data-element_type=\"widget\" data-e-type=\"widget\" data-widget_type=\"heading.default\">\n\t\t\t\t<div class=\"elementor-widget-container\">\n\t\t\t\t\t<h4 class=\"elementor-heading-title elementor-size-default\">2. Comment obtenir un remboursement ?\n<\/h4>\t\t\t\t<\/div>\n\t\t\t\t<\/div>\n\t\t\t\t<div class=\"elementor-element elementor-element-63b75de elementor-widget-tablet__width-inherit elementor-widget elementor-widget-heading\" data-id=\"63b75de\" data-element_type=\"widget\" data-e-type=\"widget\" data-widget_type=\"heading.default\">\n\t\t\t\t<div class=\"elementor-widget-container\">\n\t\t\t\t\t<h4 class=\"elementor-heading-title elementor-size-default\">Il vous suffit de soumettre votre re\u00e7u de traitement en ligne pour gagner des points. Amassez suffisamment de points, puis \u00e9changez-les pour une r\u00e9compense. Vous recevrez vos r\u00e9compenses en argent par virement Interac.<\/h4>\t\t\t\t<\/div>\n\t\t\t\t<\/div>\n\t\t\t\t\t<\/div>\n\t\t\t\t<\/div>\n\t\t<div class=\"elementor-element elementor-element-4c6e240 e-flex e-con-boxed e-con e-parent\" data-id=\"4c6e240\" data-element_type=\"container\" data-e-type=\"container\">\n\t\t\t\t\t<div class=\"e-con-inner\">\n\t\t<div class=\"elementor-element elementor-element-4db289f e-flex e-con-boxed e-con e-child\" data-id=\"4db289f\" data-element_type=\"container\" data-e-type=\"container\" data-settings=\"{&quot;background_background&quot;:&quot;classic&quot;}\">\n\t\t\t\t\t<div class=\"e-con-inner\">\n\t\t\t\t<div class=\"elementor-element elementor-element-0bb33d8 elementor-widget-tablet__width-initial elementor-widget elementor-widget-heading\" data-id=\"0bb33d8\" data-element_type=\"widget\" data-e-type=\"widget\" data-widget_type=\"heading.default\">\n\t\t\t\t<div class=\"elementor-widget-container\">\n\t\t\t\t\t<h3 class=\"elementor-heading-title elementor-size-default\">Trouvez votre fournisseur le plus proche<\/h3>\t\t\t\t<\/div>\n\t\t\t\t<\/div>\n\t\t\t\t<div class=\"elementor-element elementor-element-fa37a3d elementor-align-center button-arrow elementor-widget elementor-widget-button\" data-id=\"fa37a3d\" data-element_type=\"widget\" data-e-type=\"widget\" data-widget_type=\"button.default\">\n\t\t\t\t<div class=\"elementor-widget-container\">\n\t\t\t\t\t\t\t\t\t<div class=\"elementor-button-wrapper\">\n\t\t\t\t\t<a class=\"elementor-button elementor-button-link elementor-size-xl elementor-animation-shrink\" href=\"https:\/\/locator.allerganaesthetics.ca\/fr\/skinvive\/\">\n\t\t\t\t\t\t<span class=\"elementor-button-content-wrapper\">\n\t\t\t\t\t\t<span class=\"elementor-button-icon\">\n\t\t\t\t<svg xmlns=\"http:\/\/www.w3.org\/2000\/svg\" xmlns:xlink=\"http:\/\/www.w3.org\/1999\/xlink\" width=\"90px\" height=\"27px\" viewBox=\"0 0 90 27\"><title>Arrow-<\/title><g id=\"Sections\" stroke=\"none\" stroke-width=\"1\" fill=\"none\" fill-rule=\"evenodd\" stroke-linecap=\"round\" stroke-linejoin=\"round\"><g id=\"3.0-Science-of-Skin-Quality-Copy-2\" transform=\"translate(-663.000000, -2471.000000)\" stroke=\"#FFFFFF\" stroke-width=\"3\"><g id=\"CTA\" transform=\"translate(326.000000, 2281.000000)\"><g id=\"Group\" transform=\"translate(303.000000, 177.000000)\"><g id=\"Arrow-\" transform=\"translate(36.000000, 15.000000)\"><line x1=\"83\" y1=\"11.5\" x2=\"0\" y2=\"11.5\" id=\"Path\"><\/line><line x1=\"84\" y1=\"11.5\" x2=\"4\" y2=\"11.5\" id=\"Path\"><\/line><path d=\"M74,0 C78.6360086,4.49113333 81.2349591,7.00886667 85.8709677,11.5 L74,23\" id=\"Path\"><\/path><\/g><\/g><\/g><\/g><\/g><\/svg>\t\t\t<\/span>\n\t\t\t\t\t\t\t\t<\/span>\n\t\t\t\t\t<\/a>\n\t\t\t\t<\/div>\n\t\t\t\t\t\t\t\t<\/div>\n\t\t\t\t<\/div>\n\t\t\t\t\t<\/div>\n\t\t\t\t<\/div>\n\t\t\t\t\t<\/div>\n\t\t\t\t<\/div>\n\t\t\t\t<\/div>\n\t\t","protected":false},"excerpt":{"rendered":"<p>\u00c9CONOMIES Rejoignez Brillantes DistinctionsMD, le programme de fid\u00e9lit\u00e9 officiel pour SKINVIVEMC par JUV\u00c9DERMMD. Patient r\u00e9el. Les r\u00e9sultats peuvent varier.\u00a0 \u00c9CONOMIES Rejoignez Brillantes DistinctionsMD , le programme de fid\u00e9lit\u00e9 officiel pour SKINVIVEMC par JUV\u00c9DERMMD. Patient r\u00e9el. Les r\u00e9sultats peuvent varier. Rejoignez Brillantes DistinctionsMD Pour faire partie des milliers de membres qui \u00e9conomisent avec Brillantes DistinctionsMD. Curieux [&hellip;]<\/p>\n","protected":false},"author":1,"featured_media":0,"parent":0,"menu_order":0,"comment_status":"closed","ping_status":"closed","template":"","meta":{"footnotes":""},"class_list":["post-2203","page","type-page","status-publish","hentry"],"yoast_head":"<!-- This site is optimized with the Yoast SEO plugin v27.5 - https:\/\/yoast.com\/product\/yoast-seo-wordpress\/ -->\n<title>\u00c9conomies - SKINVIVE<\/title>\n<meta name=\"robots\" content=\"noindex, nofollow\" \/>\n<meta property=\"og:locale\" content=\"fr_CA\" \/>\n<meta property=\"og:type\" content=\"article\" \/>\n<meta property=\"og:title\" content=\"\u00c9conomies - SKINVIVE\" \/>\n<meta property=\"og:description\" content=\"\u00c9CONOMIES Rejoignez Brillantes DistinctionsMD, le programme de fid\u00e9lit\u00e9 officiel pour SKINVIVEMC par JUV\u00c9DERMMD. Patient r\u00e9el. Les r\u00e9sultats peuvent varier.\u00a0 \u00c9CONOMIES Rejoignez Brillantes DistinctionsMD , le programme de fid\u00e9lit\u00e9 officiel pour SKINVIVEMC par JUV\u00c9DERMMD. Patient r\u00e9el. Les r\u00e9sultats peuvent varier. Rejoignez Brillantes DistinctionsMD Pour faire partie des milliers de membres qui \u00e9conomisent avec Brillantes DistinctionsMD. Curieux [&hellip;]\" \/>\n<meta property=\"og:url\" content=\"https:\/\/www.skinvive.ca\/fr\/economies\/\" \/>\n<meta property=\"og:site_name\" content=\"SKINVIVE\" \/>\n<meta property=\"article:modified_time\" content=\"2024-06-03T09:39:12+00:00\" \/>\n<meta name=\"twitter:card\" content=\"summary_large_image\" \/>\n<meta name=\"twitter:label1\" content=\"Estimation du temps de lecture\" \/>\n\t<meta name=\"twitter:data1\" content=\"1 minute\" \/>\n<script type=\"application\/ld+json\" class=\"yoast-schema-graph\">{\"@context\":\"https:\\\/\\\/schema.org\",\"@graph\":[{\"@type\":\"WebPage\",\"@id\":\"https:\\\/\\\/www.skinvive.ca\\\/fr\\\/economies\\\/\",\"url\":\"https:\\\/\\\/www.skinvive.ca\\\/fr\\\/economies\\\/\",\"name\":\"\u00c9conomies - SKINVIVE\",\"isPartOf\":{\"@id\":\"https:\\\/\\\/www.skinvive.ca\\\/fr\\\/#website\"},\"datePublished\":\"2024-05-24T10:17:23+00:00\",\"dateModified\":\"2024-06-03T09:39:12+00:00\",\"breadcrumb\":{\"@id\":\"https:\\\/\\\/www.skinvive.ca\\\/fr\\\/economies\\\/#breadcrumb\"},\"inLanguage\":\"fr-CA\",\"potentialAction\":[{\"@type\":\"ReadAction\",\"target\":[\"https:\\\/\\\/www.skinvive.ca\\\/fr\\\/economies\\\/\"]}]},{\"@type\":\"BreadcrumbList\",\"@id\":\"https:\\\/\\\/www.skinvive.ca\\\/fr\\\/economies\\\/#breadcrumb\",\"itemListElement\":[{\"@type\":\"ListItem\",\"position\":1,\"name\":\"Home\",\"item\":\"https:\\\/\\\/www.skinvive.ca\\\/fr\\\/\"},{\"@type\":\"ListItem\",\"position\":2,\"name\":\"\u00c9conomies\"}]},{\"@type\":\"WebSite\",\"@id\":\"https:\\\/\\\/www.skinvive.ca\\\/fr\\\/#website\",\"url\":\"https:\\\/\\\/www.skinvive.ca\\\/fr\\\/\",\"name\":\"SKINVIVE\",\"description\":\"\",\"potentialAction\":[{\"@type\":\"SearchAction\",\"target\":{\"@type\":\"EntryPoint\",\"urlTemplate\":\"https:\\\/\\\/www.skinvive.ca\\\/fr\\\/?s={search_term_string}\"},\"query-input\":{\"@type\":\"PropertyValueSpecification\",\"valueRequired\":true,\"valueName\":\"search_term_string\"}}],\"inLanguage\":\"fr-CA\"}]}<\/script>\n<!-- \/ Yoast SEO plugin. -->","yoast_head_json":{"title":"\u00c9conomies - SKINVIVE","robots":{"index":"noindex","follow":"nofollow"},"og_locale":"fr_CA","og_type":"article","og_title":"\u00c9conomies - SKINVIVE","og_description":"\u00c9CONOMIES Rejoignez Brillantes DistinctionsMD, le programme de fid\u00e9lit\u00e9 officiel pour SKINVIVEMC par JUV\u00c9DERMMD. Patient r\u00e9el. Les r\u00e9sultats peuvent varier.\u00a0 \u00c9CONOMIES Rejoignez Brillantes DistinctionsMD , le programme de fid\u00e9lit\u00e9 officiel pour SKINVIVEMC par JUV\u00c9DERMMD. Patient r\u00e9el. Les r\u00e9sultats peuvent varier. Rejoignez Brillantes DistinctionsMD Pour faire partie des milliers de membres qui \u00e9conomisent avec Brillantes DistinctionsMD. Curieux [&hellip;]","og_url":"https:\/\/www.skinvive.ca\/fr\/economies\/","og_site_name":"SKINVIVE","article_modified_time":"2024-06-03T09:39:12+00:00","twitter_card":"summary_large_image","twitter_misc":{"Estimation du temps de lecture":"1 minute"},"schema":{"@context":"https:\/\/schema.org","@graph":[{"@type":"WebPage","@id":"https:\/\/www.skinvive.ca\/fr\/economies\/","url":"https:\/\/www.skinvive.ca\/fr\/economies\/","name":"\u00c9conomies - SKINVIVE","isPartOf":{"@id":"https:\/\/www.skinvive.ca\/fr\/#website"},"datePublished":"2024-05-24T10:17:23+00:00","dateModified":"2024-06-03T09:39:12+00:00","breadcrumb":{"@id":"https:\/\/www.skinvive.ca\/fr\/economies\/#breadcrumb"},"inLanguage":"fr-CA","potentialAction":[{"@type":"ReadAction","target":["https:\/\/www.skinvive.ca\/fr\/economies\/"]}]},{"@type":"BreadcrumbList","@id":"https:\/\/www.skinvive.ca\/fr\/economies\/#breadcrumb","itemListElement":[{"@type":"ListItem","position":1,"name":"Home","item":"https:\/\/www.skinvive.ca\/fr\/"},{"@type":"ListItem","position":2,"name":"\u00c9conomies"}]},{"@type":"WebSite","@id":"https:\/\/www.skinvive.ca\/fr\/#website","url":"https:\/\/www.skinvive.ca\/fr\/","name":"SKINVIVE","description":"","potentialAction":[{"@type":"SearchAction","target":{"@type":"EntryPoint","urlTemplate":"https:\/\/www.skinvive.ca\/fr\/?s={search_term_string}"},"query-input":{"@type":"PropertyValueSpecification","valueRequired":true,"valueName":"search_term_string"}}],"inLanguage":"fr-CA"}]}},"_links":{"self":[{"href":"https:\/\/www.skinvive.ca\/fr\/wp-json\/wp\/v2\/pages\/2203","targetHints":{"allow":["GET"]}}],"collection":[{"href":"https:\/\/www.skinvive.ca\/fr\/wp-json\/wp\/v2\/pages"}],"about":[{"href":"https:\/\/www.skinvive.ca\/fr\/wp-json\/wp\/v2\/types\/page"}],"author":[{"embeddable":true,"href":"https:\/\/www.skinvive.ca\/fr\/wp-json\/wp\/v2\/users\/1"}],"replies":[{"embeddable":true,"href":"https:\/\/www.skinvive.ca\/fr\/wp-json\/wp\/v2\/comments?post=2203"}],"version-history":[{"count":15,"href":"https:\/\/www.skinvive.ca\/fr\/wp-json\/wp\/v2\/pages\/2203\/revisions"}],"predecessor-version":[{"id":2591,"href":"https:\/\/www.skinvive.ca\/fr\/wp-json\/wp\/v2\/pages\/2203\/revisions\/2591"}],"wp:attachment":[{"href":"https:\/\/www.skinvive.ca\/fr\/wp-json\/wp\/v2\/media?parent=2203"}],"curies":[{"name":"wp","href":"https:\/\/api.w.org\/{rel}","templated":true}]}}