{"id":1226,"date":"2023-09-12T08:19:55","date_gmt":"2023-09-12T08:19:55","guid":{"rendered":"https:\/\/www.skinvive.ca\/science-of-skin-quality\/"},"modified":"2023-10-27T09:36:30","modified_gmt":"2023-10-27T09:36:30","slug":"science","status":"publish","type":"page","link":"https:\/\/www.skinvive.ca\/fr\/science\/","title":{"rendered":"Science"},"content":{"rendered":"\t\t<div data-elementor-type=\"wp-page\" data-elementor-id=\"1226\" class=\"elementor elementor-1226 elementor-642\" data-elementor-post-type=\"page\">\n\t\t\t\t<div class=\"elementor-element elementor-element-1aa39d3 e-con-full e-flex e-con e-parent\" data-id=\"1aa39d3\" data-element_type=\"container\" data-e-type=\"container\" data-settings=\"{&quot;background_background&quot;:&quot;classic&quot;}\">\n\t\t<div class=\"elementor-element elementor-element-822a685 e-con-full elementor-hidden-tablet elementor-hidden-mobile e-flex e-con e-child\" data-id=\"822a685\" data-element_type=\"container\" data-e-type=\"container\">\n\t\t\t\t<\/div>\n\t\t<div class=\"elementor-element elementor-element-32002b7 e-con-full elementor-hidden-tablet elementor-hidden-mobile e-flex e-con e-child\" data-id=\"32002b7\" data-element_type=\"container\" data-e-type=\"container\">\n\t\t\t\t<div class=\"elementor-element elementor-element-4bd2f41 elementor-widget__width-inherit elementor-widget elementor-widget-heading\" data-id=\"4bd2f41\" data-element_type=\"widget\" data-e-type=\"widget\" data-widget_type=\"heading.default\">\n\t\t\t\t<div class=\"elementor-widget-container\">\n\t\t\t\t\t<h2 class=\"elementor-heading-title elementor-size-default\">SCIENCE<\/h2>\t\t\t\t<\/div>\n\t\t\t\t<\/div>\n\t\t\t\t<div class=\"elementor-element elementor-element-3cb6de8 elementor-widget-divider--view-line elementor-widget elementor-widget-divider\" data-id=\"3cb6de8\" data-element_type=\"widget\" data-e-type=\"widget\" data-widget_type=\"divider.default\">\n\t\t\t\t<div class=\"elementor-widget-container\">\n\t\t\t\t\t\t\t<div class=\"elementor-divider\">\n\t\t\t<span class=\"elementor-divider-separator\">\n\t\t\t\t\t\t<\/span>\n\t\t<\/div>\n\t\t\t\t\t\t<\/div>\n\t\t\t\t<\/div>\n\t\t\t\t<div class=\"elementor-element elementor-element-4628470 elementor-widget elementor-widget-heading\" data-id=\"4628470\" data-element_type=\"widget\" data-e-type=\"widget\" data-widget_type=\"heading.default\">\n\t\t\t\t<div class=\"elementor-widget-container\">\n\t\t\t\t\t<h3 class=\"elementor-heading-title elementor-size-default\">Comment agit  SKINVIVE<sup style=\"font-size: 15px;top:-32px\">MC<\/sup>\n\n\n<\/h3>\t\t\t\t<\/div>\n\t\t\t\t<\/div>\n\t\t\t\t<\/div>\n\t\t\t\t<\/div>\n\t\t<div class=\"elementor-element elementor-element-528fe6b e-con-full elementor-hidden-desktop e-flex e-con e-parent\" data-id=\"528fe6b\" data-element_type=\"container\" data-e-type=\"container\" data-settings=\"{&quot;background_background&quot;:&quot;classic&quot;}\">\n\t\t<div class=\"elementor-element elementor-element-8e4abe1 e-con-full e-flex e-con e-child\" data-id=\"8e4abe1\" data-element_type=\"container\" data-e-type=\"container\">\n\t\t\t\t<div class=\"elementor-element elementor-element-d503d5b elementor-widget elementor-widget-text-editor\" data-id=\"d503d5b\" data-element_type=\"widget\" data-e-type=\"widget\" data-widget_type=\"text-editor.default\">\n\t\t\t\t<div class=\"elementor-widget-container\">\n\t\t\t\t\t\t\t\t\t<p>Patient r\u00e9el. Les r\u00e9sultats peuvent varier d\u2019une personne \u00e0 l\u2019autre.<\/p>\t\t\t\t\t\t\t\t<\/div>\n\t\t\t\t<\/div>\n\t\t\t\t<div class=\"elementor-element elementor-element-bd441dc elementor-widget__width-inherit elementor-widget elementor-widget-heading\" data-id=\"bd441dc\" data-element_type=\"widget\" data-e-type=\"widget\" data-widget_type=\"heading.default\">\n\t\t\t\t<div class=\"elementor-widget-container\">\n\t\t\t\t\t<h2 class=\"elementor-heading-title elementor-size-default\">SCIENCE<\/h2>\t\t\t\t<\/div>\n\t\t\t\t<\/div>\n\t\t\t\t<div class=\"elementor-element elementor-element-a1b0f12 elementor-widget-divider--view-line elementor-widget elementor-widget-divider\" data-id=\"a1b0f12\" data-element_type=\"widget\" data-e-type=\"widget\" data-widget_type=\"divider.default\">\n\t\t\t\t<div class=\"elementor-widget-container\">\n\t\t\t\t\t\t\t<div class=\"elementor-divider\">\n\t\t\t<span class=\"elementor-divider-separator\">\n\t\t\t\t\t\t<\/span>\n\t\t<\/div>\n\t\t\t\t\t\t<\/div>\n\t\t\t\t<\/div>\n\t\t\t\t<div class=\"elementor-element elementor-element-452ad23 elementor-widget-tablet__width-initial elementor-widget elementor-widget-heading\" data-id=\"452ad23\" data-element_type=\"widget\" data-e-type=\"widget\" data-widget_type=\"heading.default\">\n\t\t\t\t<div class=\"elementor-widget-container\">\n\t\t\t\t\t<h3 class=\"elementor-heading-title elementor-size-default\">Comment agit  SKINVIVE<sup style=\"font-size: 15px;top:-32px\">MC<\/sup>\n<\/h3>\t\t\t\t<\/div>\n\t\t\t\t<\/div>\n\t\t\t\t<\/div>\n\t\t\t\t<\/div>\n\t\t<div class=\"elementor-element elementor-element-65d98ca e-flex e-con-boxed e-con e-parent\" data-id=\"65d98ca\" data-element_type=\"container\" data-e-type=\"container\">\n\t\t\t\t\t<div class=\"e-con-inner\">\n\t\t\t\t<div class=\"elementor-element elementor-element-9ff84c3 elementor-hidden-tablet elementor-hidden-mobile elementor-widget elementor-widget-text-editor\" data-id=\"9ff84c3\" data-element_type=\"widget\" data-e-type=\"widget\" data-widget_type=\"text-editor.default\">\n\t\t\t\t<div class=\"elementor-widget-container\">\n\t\t\t\t\t\t\t\t\t<p>Patient r\u00e9el. Les r\u00e9sultats peuvent varier d\u2019une personne \u00e0 l\u2019autre.\u00a0<\/p>\t\t\t\t\t\t\t\t<\/div>\n\t\t\t\t<\/div>\n\t\t\t\t<div class=\"elementor-element elementor-element-8f1987d elementor-widget__width-initial elementor-widget elementor-widget-heading\" data-id=\"8f1987d\" data-element_type=\"widget\" data-e-type=\"widget\" data-widget_type=\"heading.default\">\n\t\t\t\t<div class=\"elementor-widget-container\">\n\t\t\t\t\t<h3 class=\"elementor-heading-title elementor-size-default\">Vous avez peut-\u00eatre d\u00e9j\u00e0 vu l\u2019acide hyaluronique comme ingr\u00e9dient dans des cr\u00e8mes ou des s\u00e9rums hydratants. L\u2019acide hyaluronique (AH) contenu dans SKINVIVE<sup style=\"font-size: 0.9rem;top:-15px\">MC<\/sup> maintient la peau hydrat\u00e9e, lisse, \u00e9clatante, avec une apparence saine<sup style=\"font-size: 15px;top:-15px\">1<\/sup><\/h3>\t\t\t\t<\/div>\n\t\t\t\t<\/div>\n\t\t\t\t<div class=\"elementor-element elementor-element-f580410 elementor-widget__width-initial elementor-widget elementor-widget-text-editor\" data-id=\"f580410\" data-element_type=\"widget\" data-e-type=\"widget\" data-widget_type=\"text-editor.default\">\n\t\t\t\t<div class=\"elementor-widget-container\">\n\t\t\t\t\t\t\t\t\t<p>* Dur\u00e9e de 9 mois avec un traitement optimal. Les patients ont not\u00e9 l\u2019\u00e9clat de leur visage dans le cadre d\u2019un questionnaire de satisfaction qui demandait notamment d\u2019indiquer dans quelle mesure leur peau paraissait rayonnante. Patientes r\u00e9elles. Les r\u00e9sultats peuvent varier d\u2019une personne \u00e0 l\u2019autre.\u00a0<\/p>\t\t\t\t\t\t\t\t<\/div>\n\t\t\t\t<\/div>\n\t\t\t\t\t<\/div>\n\t\t\t\t<\/div>\n\t\t<div class=\"elementor-element elementor-element-f8017e0 e-con-full e-flex e-con e-parent\" data-id=\"f8017e0\" data-element_type=\"container\" data-e-type=\"container\">\n\t\t<div class=\"elementor-element elementor-element-e65521f e-con-full animated-slow e-flex elementor-invisible e-con e-child\" data-id=\"e65521f\" data-element_type=\"container\" data-e-type=\"container\" data-settings=\"{&quot;background_background&quot;:&quot;classic&quot;,&quot;animation&quot;:&quot;fadeInLeft&quot;}\">\n\t\t\t\t<div class=\"elementor-element elementor-element-f28526b elementor-widget elementor-widget-text-editor\" data-id=\"f28526b\" data-element_type=\"widget\" data-e-type=\"widget\" data-widget_type=\"text-editor.default\">\n\t\t\t\t<div class=\"elementor-widget-container\">\n\t\t\t\t\t\t\t\t\tPatientes r\u00e9elles. Les r\u00e9sultats peuvent varier d\u2019une personne \u00e0 l\u2019autre.\t\t\t\t\t\t\t\t<\/div>\n\t\t\t\t<\/div>\n\t\t\t\t<\/div>\n\t\t<div class=\"elementor-element elementor-element-5384ce9 e-con-full e-flex e-con e-child\" data-id=\"5384ce9\" data-element_type=\"container\" data-e-type=\"container\">\n\t\t<div class=\"elementor-element elementor-element-1907db5 e-flex e-con-boxed elementor-invisible e-con e-child\" data-id=\"1907db5\" data-element_type=\"container\" data-e-type=\"container\" data-settings=\"{&quot;background_background&quot;:&quot;classic&quot;,&quot;animation&quot;:&quot;fadeIn&quot;}\">\n\t\t\t\t\t<div class=\"e-con-inner\">\n\t\t\t\t<div class=\"elementor-element elementor-element-5ec4dad elementor-widget elementor-widget-heading\" data-id=\"5ec4dad\" data-element_type=\"widget\" data-e-type=\"widget\" data-widget_type=\"heading.default\">\n\t\t\t\t<div class=\"elementor-widget-container\">\n\t\t\t\t\t<h3 class=\"elementor-heading-title elementor-size-default\">L\u2019hydratation est le secret d\u2019une peau saine<\/h3>\t\t\t\t<\/div>\n\t\t\t\t<\/div>\n\t\t\t\t<div class=\"elementor-element elementor-element-cfb61dc elementor-widget elementor-widget-text-editor\" data-id=\"cfb61dc\" data-element_type=\"widget\" data-e-type=\"widget\" data-widget_type=\"text-editor.default\">\n\t\t\t\t<div class=\"elementor-widget-container\">\n\t\t\t\t\t\t\t\t\t<p>L\u2019acide hyaluronique augmente la capacit\u00e9 d\u2019hydratation naturelle de la peau qui lui permet de conserver son humidit\u00e9 et sa souplesse. SKINVIVE<sup>MC<\/sup>, un gel \u00e0 base d\u2019acide hyaluronique, aide la peau \u00e0 pr\u00e9server son hydratation et sa douceur naturelles pour lui donner ainsi une texture plus lisse.\u00a0\u00a0<\/p>\t\t\t\t\t\t\t\t<\/div>\n\t\t\t\t<\/div>\n\t\t\t\t\t<\/div>\n\t\t\t\t<\/div>\n\t\t<div class=\"elementor-element elementor-element-4e2894d e-flex e-con-boxed elementor-invisible e-con e-child\" data-id=\"4e2894d\" data-element_type=\"container\" data-e-type=\"container\" data-settings=\"{&quot;background_background&quot;:&quot;classic&quot;,&quot;animation&quot;:&quot;fadeIn&quot;,&quot;animation_delay&quot;:10}\">\n\t\t\t\t\t<div class=\"e-con-inner\">\n\t\t\t\t<div class=\"elementor-element elementor-element-3eb5ef8 elementor-widget elementor-widget-heading\" data-id=\"3eb5ef8\" data-element_type=\"widget\" data-e-type=\"widget\" data-widget_type=\"heading.default\">\n\t\t\t\t<div class=\"elementor-widget-container\">\n\t\t\t\t\t<h3 class=\"elementor-heading-title elementor-size-default\">Reconstitue l\u2019acide hyaluronique<\/h3>\t\t\t\t<\/div>\n\t\t\t\t<\/div>\n\t\t\t\t<div class=\"elementor-element elementor-element-84999be elementor-widget elementor-widget-text-editor\" data-id=\"84999be\" data-element_type=\"widget\" data-e-type=\"widget\" data-widget_type=\"text-editor.default\">\n\t\t\t\t<div class=\"elementor-widget-container\">\n\t\t\t\t\t\t\t\t\tL\u2019acide hyaluronique, une mol\u00e9cule qui retient l\u2019eau dans la peau, diminue naturellement avec l\u2019\u00e2ge et l\u2019exposition au soleil<sup style=\"font-size: 11px; top: -7px;\">2<\/sup>. Les microgouttelettes d\u2019acide hyaluronique de SKINVIVE<sup>MC<\/sup> aident \u00e0 cibler ces effets sur la peau, notamment les changements dans sa texture et son aspect terne.\t\t\t\t\t\t\t\t<\/div>\n\t\t\t\t<\/div>\n\t\t\t\t\t<\/div>\n\t\t\t\t<\/div>\n\t\t<div class=\"elementor-element elementor-element-917afaa e-flex e-con-boxed elementor-invisible e-con e-child\" data-id=\"917afaa\" data-element_type=\"container\" data-e-type=\"container\" data-settings=\"{&quot;background_background&quot;:&quot;classic&quot;,&quot;animation&quot;:&quot;fadeIn&quot;,&quot;animation_delay&quot;:20}\">\n\t\t\t\t\t<div class=\"e-con-inner\">\n\t\t\t\t<div class=\"elementor-element elementor-element-9e4af90 elementor-widget elementor-widget-heading\" data-id=\"9e4af90\" data-element_type=\"widget\" data-e-type=\"widget\" data-widget_type=\"heading.default\">\n\t\t\t\t<div class=\"elementor-widget-container\">\n\t\t\t\t\t<h3 class=\"elementor-heading-title elementor-size-default\">Hydrate de l\u2019int\u00e9rieur<\/h3>\t\t\t\t<\/div>\n\t\t\t\t<\/div>\n\t\t\t\t<div class=\"elementor-element elementor-element-11345a3 elementor-widget elementor-widget-text-editor\" data-id=\"11345a3\" data-element_type=\"widget\" data-e-type=\"widget\" data-widget_type=\"text-editor.default\">\n\t\t\t\t<div class=\"elementor-widget-container\">\n\t\t\t\t\t\t\t\t\t<p>SKINVIVE<sup>MC<\/sup> accro\u00eet l\u2019hydratation interne de la peau pour la rendre plus \u00e9clatante. SKINVIVE<sup>MC<\/sup> agit \u00e0 l\u2019int\u00e9rieur de la peau. Ce bienfait s\u2019ajoute \u00e0 ceux des soins de la peau topiques utilis\u00e9s dans le cadre d\u2019un rituel de soin courant pour prot\u00e9ger la barri\u00e8re cutan\u00e9e.\u00a0<\/p>\t\t\t\t\t\t\t\t<\/div>\n\t\t\t\t<\/div>\n\t\t\t\t\t<\/div>\n\t\t\t\t<\/div>\n\t\t\t\t<\/div>\n\t\t\t\t<\/div>\n\t\t<div class=\"elementor-element elementor-element-84410b3 e-con-full e-flex e-con e-parent\" data-id=\"84410b3\" data-element_type=\"container\" data-e-type=\"container\">\n\t\t\t\t<div class=\"elementor-element elementor-element-2af3385 elementor-icon-list--layout-inline elementor-align-start elementor-list-item-link-full_width elementor-widget elementor-widget-icon-list\" data-id=\"2af3385\" data-element_type=\"widget\" data-e-type=\"widget\" data-widget_type=\"icon-list.default\">\n\t\t\t\t<div class=\"elementor-widget-container\">\n\t\t\t\t\t\t\t<ul class=\"elementor-icon-list-items elementor-inline-items\">\n\t\t\t\t\t\t\t<li class=\"elementor-icon-list-item elementor-inline-item\">\n\t\t\t\t\t\t\t\t\t\t<span class=\"elementor-icon-list-text\"><sup>1<\/sup>Ogilvie P et al. J Cosmet Dermatol. 2020;19(5):1065\u20131070.<\/span>\n\t\t\t\t\t\t\t\t\t<\/li>\n\t\t\t\t\t\t\t\t<li class=\"elementor-icon-list-item elementor-inline-item\">\n\t\t\t\t\t\t\t\t\t\t<span class=\"elementor-icon-list-text\"><sup>2<\/sup>Papakonstantinou E et al. Dermato-Endocrinol. 2012;4:253\u20138;<\/span>\n\t\t\t\t\t\t\t\t\t<\/li>\n\t\t\t\t\t\t<\/ul>\n\t\t\t\t\t\t<\/div>\n\t\t\t\t<\/div>\n\t\t\t\t<\/div>\n\t\t<div class=\"elementor-element elementor-element-3446035 e-con-full e-flex e-con e-parent\" data-id=\"3446035\" data-element_type=\"container\" data-e-type=\"container\">\n\t\t\t\t<div class=\"elementor-element elementor-element-a021005 elementor-widget-tablet__width-initial elementor-widget elementor-widget-heading\" data-id=\"a021005\" data-element_type=\"widget\" data-e-type=\"widget\" data-widget_type=\"heading.default\">\n\t\t\t\t<div class=\"elementor-widget-container\">\n\t\t\t\t\t<h3 class=\"elementor-heading-title elementor-size-default\">Compl\u00e9tez votre rituel de soin en hydratant votre peau de l\u2019int\u00e9rieur.<\/h3>\t\t\t\t<\/div>\n\t\t\t\t<\/div>\n\t\t\t\t<div class=\"elementor-element elementor-element-d280d9d elementor-align-center button-arrow elementor-widget elementor-widget-button\" data-id=\"d280d9d\" data-element_type=\"widget\" data-e-type=\"widget\" data-widget_type=\"button.default\">\n\t\t\t\t<div class=\"elementor-widget-container\">\n\t\t\t\t\t\t\t\t\t<div class=\"elementor-button-wrapper\">\n\t\t\t\t\t<a class=\"elementor-button elementor-button-link elementor-size-xl elementor-animation-shrink\" href=\"https:\/\/www.skinvive.ca\/fr\/a-propos-skinvive\/\">\n\t\t\t\t\t\t<span class=\"elementor-button-content-wrapper\">\n\t\t\t\t\t\t<span class=\"elementor-button-icon\">\n\t\t\t\t<svg xmlns=\"http:\/\/www.w3.org\/2000\/svg\" xmlns:xlink=\"http:\/\/www.w3.org\/1999\/xlink\" width=\"90px\" height=\"27px\" viewBox=\"0 0 90 27\"><title>Arrow-<\/title><g id=\"Sections\" stroke=\"none\" stroke-width=\"1\" fill=\"none\" fill-rule=\"evenodd\" stroke-linecap=\"round\" stroke-linejoin=\"round\"><g id=\"3.0-Science-of-Skin-Quality-Copy-2\" transform=\"translate(-663.000000, -2471.000000)\" stroke=\"#FFFFFF\" stroke-width=\"3\"><g id=\"CTA\" transform=\"translate(326.000000, 2281.000000)\"><g id=\"Group\" transform=\"translate(303.000000, 177.000000)\"><g id=\"Arrow-\" transform=\"translate(36.000000, 15.000000)\"><line x1=\"83\" y1=\"11.5\" x2=\"0\" y2=\"11.5\" id=\"Path\"><\/line><line x1=\"84\" y1=\"11.5\" x2=\"4\" y2=\"11.5\" id=\"Path\"><\/line><path d=\"M74,0 C78.6360086,4.49113333 81.2349591,7.00886667 85.8709677,11.5 L74,23\" id=\"Path\"><\/path><\/g><\/g><\/g><\/g><\/g><\/svg>\t\t\t<\/span>\n\t\t\t\t\t\t\t\t<\/span>\n\t\t\t\t\t<\/a>\n\t\t\t\t<\/div>\n\t\t\t\t\t\t\t\t<\/div>\n\t\t\t\t<\/div>\n\t\t\t\t<\/div>\n\t\t\t\t<\/div>\n\t\t","protected":false},"excerpt":{"rendered":"<p>SCIENCE Comment agit SKINVIVEMC Patient r\u00e9el. Les r\u00e9sultats peuvent varier d\u2019une personne \u00e0 l\u2019autre. SCIENCE Comment agit SKINVIVEMC Patient r\u00e9el. Les r\u00e9sultats peuvent varier d\u2019une personne \u00e0 l\u2019autre.\u00a0 Vous avez peut-\u00eatre d\u00e9j\u00e0 vu l\u2019acide hyaluronique comme ingr\u00e9dient dans des cr\u00e8mes ou des s\u00e9rums hydratants. L\u2019acide hyaluronique (AH) contenu dans SKINVIVEMC maintient la peau hydrat\u00e9e, lisse, [&hellip;]<\/p>\n","protected":false},"author":1,"featured_media":0,"parent":0,"menu_order":0,"comment_status":"closed","ping_status":"closed","template":"","meta":{"footnotes":""},"class_list":["post-1226","page","type-page","status-publish","hentry"],"yoast_head":"<!-- This site is optimized with the Yoast SEO plugin v27.5 - https:\/\/yoast.com\/product\/yoast-seo-wordpress\/ -->\n<title>Science - SKINVIVE<\/title>\n<meta name=\"description\" content=\"Learn how SkinVive has cracked the code to improved skin quality by understanding the role that hydration plays in overall skin health\" \/>\n<meta name=\"robots\" content=\"index, follow, max-snippet:-1, max-image-preview:large, max-video-preview:-1\" \/>\n<link rel=\"canonical\" href=\"https:\/\/www.skinvive.ca\/fr\/science\/\" \/>\n<meta property=\"og:locale\" content=\"fr_CA\" \/>\n<meta property=\"og:type\" content=\"article\" \/>\n<meta property=\"og:title\" content=\"Science - SKINVIVE\" \/>\n<meta property=\"og:description\" content=\"Learn how SkinVive has cracked the code to improved skin quality by understanding the role that hydration plays in overall skin health\" \/>\n<meta property=\"og:url\" content=\"https:\/\/www.skinvive.ca\/fr\/science\/\" \/>\n<meta property=\"og:site_name\" content=\"SKINVIVE\" \/>\n<meta property=\"article:modified_time\" content=\"2023-10-27T09:36:30+00:00\" \/>\n<meta name=\"twitter:card\" content=\"summary_large_image\" \/>\n<meta name=\"twitter:label1\" content=\"Estimation du temps de lecture\" \/>\n\t<meta name=\"twitter:data1\" content=\"2 minutes\" \/>\n<script type=\"application\/ld+json\" class=\"yoast-schema-graph\">{\"@context\":\"https:\\\/\\\/schema.org\",\"@graph\":[{\"@type\":\"WebPage\",\"@id\":\"https:\\\/\\\/www.skinvive.ca\\\/fr\\\/science\\\/\",\"url\":\"https:\\\/\\\/www.skinvive.ca\\\/fr\\\/science\\\/\",\"name\":\"Science - SKINVIVE\",\"isPartOf\":{\"@id\":\"https:\\\/\\\/www.skinvive.ca\\\/fr\\\/#website\"},\"datePublished\":\"2023-09-12T08:19:55+00:00\",\"dateModified\":\"2023-10-27T09:36:30+00:00\",\"description\":\"Learn how SkinVive has cracked the code to improved skin quality by understanding the role that hydration plays in overall skin health\",\"breadcrumb\":{\"@id\":\"https:\\\/\\\/www.skinvive.ca\\\/fr\\\/science\\\/#breadcrumb\"},\"inLanguage\":\"fr-CA\",\"potentialAction\":[{\"@type\":\"ReadAction\",\"target\":[\"https:\\\/\\\/www.skinvive.ca\\\/fr\\\/science\\\/\"]}]},{\"@type\":\"BreadcrumbList\",\"@id\":\"https:\\\/\\\/www.skinvive.ca\\\/fr\\\/science\\\/#breadcrumb\",\"itemListElement\":[{\"@type\":\"ListItem\",\"position\":1,\"name\":\"Home\",\"item\":\"https:\\\/\\\/www.skinvive.ca\\\/fr\\\/\"},{\"@type\":\"ListItem\",\"position\":2,\"name\":\"Science\"}]},{\"@type\":\"WebSite\",\"@id\":\"https:\\\/\\\/www.skinvive.ca\\\/fr\\\/#website\",\"url\":\"https:\\\/\\\/www.skinvive.ca\\\/fr\\\/\",\"name\":\"SKINVIVE\",\"description\":\"\",\"potentialAction\":[{\"@type\":\"SearchAction\",\"target\":{\"@type\":\"EntryPoint\",\"urlTemplate\":\"https:\\\/\\\/www.skinvive.ca\\\/fr\\\/?s={search_term_string}\"},\"query-input\":{\"@type\":\"PropertyValueSpecification\",\"valueRequired\":true,\"valueName\":\"search_term_string\"}}],\"inLanguage\":\"fr-CA\"}]}<\/script>\n<!-- \/ Yoast SEO plugin. -->","yoast_head_json":{"title":"Science - SKINVIVE","description":"Learn how SkinVive has cracked the code to improved skin quality by understanding the role that hydration plays in overall skin health","robots":{"index":"index","follow":"follow","max-snippet":"max-snippet:-1","max-image-preview":"max-image-preview:large","max-video-preview":"max-video-preview:-1"},"canonical":"https:\/\/www.skinvive.ca\/fr\/science\/","og_locale":"fr_CA","og_type":"article","og_title":"Science - SKINVIVE","og_description":"Learn how SkinVive has cracked the code to improved skin quality by understanding the role that hydration plays in overall skin health","og_url":"https:\/\/www.skinvive.ca\/fr\/science\/","og_site_name":"SKINVIVE","article_modified_time":"2023-10-27T09:36:30+00:00","twitter_card":"summary_large_image","twitter_misc":{"Estimation du temps de lecture":"2 minutes"},"schema":{"@context":"https:\/\/schema.org","@graph":[{"@type":"WebPage","@id":"https:\/\/www.skinvive.ca\/fr\/science\/","url":"https:\/\/www.skinvive.ca\/fr\/science\/","name":"Science - SKINVIVE","isPartOf":{"@id":"https:\/\/www.skinvive.ca\/fr\/#website"},"datePublished":"2023-09-12T08:19:55+00:00","dateModified":"2023-10-27T09:36:30+00:00","description":"Learn how SkinVive has cracked the code to improved skin quality by understanding the role that hydration plays in overall skin health","breadcrumb":{"@id":"https:\/\/www.skinvive.ca\/fr\/science\/#breadcrumb"},"inLanguage":"fr-CA","potentialAction":[{"@type":"ReadAction","target":["https:\/\/www.skinvive.ca\/fr\/science\/"]}]},{"@type":"BreadcrumbList","@id":"https:\/\/www.skinvive.ca\/fr\/science\/#breadcrumb","itemListElement":[{"@type":"ListItem","position":1,"name":"Home","item":"https:\/\/www.skinvive.ca\/fr\/"},{"@type":"ListItem","position":2,"name":"Science"}]},{"@type":"WebSite","@id":"https:\/\/www.skinvive.ca\/fr\/#website","url":"https:\/\/www.skinvive.ca\/fr\/","name":"SKINVIVE","description":"","potentialAction":[{"@type":"SearchAction","target":{"@type":"EntryPoint","urlTemplate":"https:\/\/www.skinvive.ca\/fr\/?s={search_term_string}"},"query-input":{"@type":"PropertyValueSpecification","valueRequired":true,"valueName":"search_term_string"}}],"inLanguage":"fr-CA"}]}},"_links":{"self":[{"href":"https:\/\/www.skinvive.ca\/fr\/wp-json\/wp\/v2\/pages\/1226","targetHints":{"allow":["GET"]}}],"collection":[{"href":"https:\/\/www.skinvive.ca\/fr\/wp-json\/wp\/v2\/pages"}],"about":[{"href":"https:\/\/www.skinvive.ca\/fr\/wp-json\/wp\/v2\/types\/page"}],"author":[{"embeddable":true,"href":"https:\/\/www.skinvive.ca\/fr\/wp-json\/wp\/v2\/users\/1"}],"replies":[{"embeddable":true,"href":"https:\/\/www.skinvive.ca\/fr\/wp-json\/wp\/v2\/comments?post=1226"}],"version-history":[{"count":7,"href":"https:\/\/www.skinvive.ca\/fr\/wp-json\/wp\/v2\/pages\/1226\/revisions"}],"predecessor-version":[{"id":1325,"href":"https:\/\/www.skinvive.ca\/fr\/wp-json\/wp\/v2\/pages\/1226\/revisions\/1325"}],"wp:attachment":[{"href":"https:\/\/www.skinvive.ca\/fr\/wp-json\/wp\/v2\/media?parent=1226"}],"curies":[{"name":"wp","href":"https:\/\/api.w.org\/{rel}","templated":true}]}}